{"id":17,"date":"2022-02-18T17:54:29","date_gmt":"2022-02-18T17:54:29","guid":{"rendered":"https:\/\/demoxml.com\/wp\/vcard\/?page_id=17"},"modified":"2025-01-20T09:06:35","modified_gmt":"2025-01-20T09:06:35","slug":"anasayfa","status":"publish","type":"page","link":"https:\/\/abdullahakal.com\/","title":{"rendered":"Medya Uzman\u0131"},"content":{"rendered":"\t\t<div data-elementor-type=\"wp-page\" data-elementor-id=\"17\" class=\"elementor elementor-17\">\n\t\t\t\t\t\t\t\t\t<section class=\"elementor-section elementor-top-section elementor-element elementor-element-a39d5a5 elementor-section-full_width elementor-section-height-default elementor-section-height-default\" data-id=\"a39d5a5\" data-element_type=\"section\">\n\t\t\t\t\t\t<div class=\"elementor-container elementor-column-gap-default\">\n\t\t\t\t\t<div class=\"elementor-column elementor-col-100 elementor-top-column elementor-element elementor-element-b3ceaf2\" data-id=\"b3ceaf2\" data-element_type=\"column\">\n\t\t\t<div class=\"elementor-widget-wrap elementor-element-populated\">\n\t\t\t\t\t\t\t\t<div class=\"elementor-element elementor-element-a8c82b7 elementor-widget elementor-widget-kijat_about_us\" data-id=\"a8c82b7\" data-element_type=\"widget\" data-widget_type=\"kijat_about_us.default\">\n\t\t\t\t<div class=\"elementor-widget-container\">\n\t\t\t        \r\n        <div class=\"home-content\" id=\"home-section\">\r\n            <!---Download CV-->\r\n                        <div class=\"download-cv\">\r\n            \t<a href=\"http:\/\/iletisim@abdullahakal.com\" class=\"theme-btn download-btn\">\r\n                \t<span class=\"icon\"><img decoding=\"async\" src=\"https:\/\/abdullahakal.com\/wp-content\/themes\/kijat\/assets\/images\/resource\/icons\/white\/cv-1.png\" alt=\"Awesome Image\"><\/span>\r\n                    <span class=\"txt\">CV \u0130STE<\/span>\r\n                <\/a>\r\n            <\/div>\r\n\t\t\t            <!--Welcome-->\r\n            <div class=\"welcome\">\r\n                <h4>Merhaba<\/h4>\r\n                <div class=\"text\">10 Y\u0131lda medya sekt\u00f6r\u00fcnde edindi\u011fim deneyim ile \u00e7e\u015fitli hizmetler vermekteyim.\nSosyal Medya y\u00f6netimi, reklam y\u00f6netimi, web tasar\u0131m\u0131, video prod\u00fcksiyon, grafik tasar\u0131m, kurumsal kimlik tasar\u0131m\u0131, internet habercili\u011fi gibi bir\u00e7ok alanda \u00e7al\u0131\u015fmalar yap\u0131yorum.\nT\u00fcm dijital \u00e7\u00f6z\u00fcmler i\u00e7in buraday\u0131m!<\/div>\r\n            <\/div>\r\n\r\n            <!--About Me-->\r\n            <div class=\"about-me\">\r\n                <div class=\"row clearfix\">\r\n                    <!--Skills-->\r\n                    <div class=\"skills-column col-xl-5 col-lg-12 col-md-12\">\r\n                        <h4>BECER\u0130LER<\/h4>\r\n                        \r\n                                                <div class=\"skills\">\r\n\t\t\t\t\t\t\t                            <div class=\"skill-block\">\r\n                                <div class=\"skill-block-inner\">\r\n                                    <div class=\"skill-title\">Web Sitesi<\/div>\r\n                                    <div class=\"bar\">\r\n                                        <div class=\"bar-inner count-bar\" data-percent=\"85%\">\r\n                                            <div class=\"count-box\"><span class=\"count-text\" data-stop=\"85\" data-speed=\"2000\">0<\/span>%<\/div>\r\n                                        <\/div>\r\n                                    <\/div>\r\n                                <\/div>\r\n                            <\/div>\r\n                                                        <div class=\"skill-block\">\r\n                                <div class=\"skill-block-inner\">\r\n                                    <div class=\"skill-title\">Sosyal Medya<\/div>\r\n                                    <div class=\"bar\">\r\n                                        <div class=\"bar-inner count-bar\" data-percent=\"95%\">\r\n                                            <div class=\"count-box\"><span class=\"count-text\" data-stop=\"95\" data-speed=\"2000\">0<\/span>%<\/div>\r\n                                        <\/div>\r\n                                    <\/div>\r\n                                <\/div>\r\n                            <\/div>\r\n                                                        <div class=\"skill-block\">\r\n                                <div class=\"skill-block-inner\">\r\n                                    <div class=\"skill-title\">Grafik Tasar\u0131m<\/div>\r\n                                    <div class=\"bar\">\r\n                                        <div class=\"bar-inner count-bar\" data-percent=\"90%\">\r\n                                            <div class=\"count-box\"><span class=\"count-text\" data-stop=\"90\" data-speed=\"2000\">0<\/span>%<\/div>\r\n                                        <\/div>\r\n                                    <\/div>\r\n                                <\/div>\r\n                            <\/div>\r\n                                                    <\/div>\r\n                                            <\/div>\r\n\r\n                    <!--Expertise-->\r\n                    <div class=\"expertise-column col-xl-7 col-lg-12 col-md-12\">\r\n                        <h4>UZMANLIK<\/h4>\r\n                        <div class=\"expertise\">\r\n\r\n                            <div class=\"row clearfix\">\r\n                            \t\t\t\t\t\t\t\t\t<ul class=\"feature-list clearfix\">\r\n\t\t\t\t\t\t\t\t\t\t\t\t\t\t\t\t\t\t<li>Sosyal Medya Y\u00f6netimi<\/li>\r\n\t\t\t\t\t\t\t\t\t\t\t\t\t\t\t\t\t\t<li>Web Sitesi<\/li>\r\n\t\t\t\t\t\t\t\t\t\t\t\t\t\t\t\t\t\t<li>Grafik Tasar\u0131m<\/li>\r\n\t\t\t\t\t\t\t\t\t\t\t\t\t\t\t\t\t\t<li>Video Montaj<\/li>\r\n\t\t\t\t\t\t\t\t\t\t\t\t\t\t\t\t\t\t<li>Foto\u011fraf\u00e7\u0131l\u0131k<\/li>\r\n\t\t\t\t\t\t\t\t\t\t\t\t\t\t\t\t\t\t<li>Logo Tasar\u0131m\u0131<\/li>\r\n\t\t\t\t\t\t\t\t\t\t\t\t\t\t\t\t\t\t<li>Kurumsal Kimlik Tasar\u0131m\u0131<\/li>\r\n\t\t\t\t\t\t\t\t\t\t\t\t\t\t\t\t\t\t<li>Reklam Y\u00f6netimi<\/li>\r\n\t\t\t\t\t\t\t\t\t\t\t\t\t\t\t\t\t\t<li>Reklam &amp; Banner Tasar\u0131m\u0131<\/li>\r\n\t\t\t\t\t\t\t\t\t\t\t\t\t\t\t\t\t\t<li>\u0130nternet Habercili\u011fi<\/li>\r\n\t\t\t\t\t\t\t\t\t\t\t\t\t\t\t\t\t<\/ul>\r\n\t\t\t\t\t\t\t\t                            <\/div>\r\n\r\n                        <\/div>\r\n                    <\/div>\r\n                <\/div>\r\n                \r\n                                <!--Features-->\r\n                <div class=\"features\">\r\n                    <div class=\"row clearfix\">\r\n                        <!--Feature Block-->\r\n                                                <div class=\"feature-block col-xl-4 col-lg-4 col-md-6 col-sm-12\">\r\n                            <div class=\"inner-box\">\r\n                                                                \t<div class=\"icon-box\"><span class=\"icon\"><img decoding=\"async\" src=\"https:\/\/abdullahakal.com\/wp-content\/uploads\/2022\/02\/mobile-2-1.png\" alt=\"Awesome Image\"><\/span><\/div>\r\n\t\t\t\t\t\t\t\t                                <h5>Sosyal Medya Y\u00f6netimi<\/h5>\r\n                                <div class=\"text\">Markan\u0131z\u0131n sosyal medya hesaplar\u0131n\u0131 profesyonel \u015fekilde y\u00f6netebilirim.<\/div>\r\n                            <\/div>\r\n                        <\/div>\r\n                                                <div class=\"feature-block col-xl-4 col-lg-4 col-md-6 col-sm-12\">\r\n                            <div class=\"inner-box\">\r\n                                                                \t<div class=\"icon-box\"><span class=\"icon\"><img decoding=\"async\" src=\"https:\/\/abdullahakal.com\/wp-content\/uploads\/2022\/02\/lcd-2-1.png\" alt=\"Awesome Image\"><\/span><\/div>\r\n\t\t\t\t\t\t\t\t                                <h5>Web Sitesi<\/h5>\r\n                                <div class=\"text\">\u0130htiyac\u0131n\u0131za g\u00f6re web sitesi tasarlayabilirim.<\/div>\r\n                            <\/div>\r\n                        <\/div>\r\n                                                <div class=\"feature-block col-xl-4 col-lg-4 col-md-6 col-sm-12\">\r\n                            <div class=\"inner-box\">\r\n                                                                \t<div class=\"icon-box\"><span class=\"icon\"><img decoding=\"async\" src=\"https:\/\/abdullahakal.com\/wp-content\/uploads\/2022\/02\/support-2-1.png\" alt=\"Awesome Image\"><\/span><\/div>\r\n\t\t\t\t\t\t\t\t                                <h5>Grafik Tasr\u0131m<\/h5>\r\n                                <div class=\"text\">Grafik tasar\u0131m ihtiya\u00e7lar\u0131n\u0131z\u0131 kar\u015f\u0131lamak i\u00e7in buraday\u0131m.<\/div>\r\n                            <\/div>\r\n                        <\/div>\r\n                                            <\/div>\r\n                <\/div>\r\n                \r\n                <!--Languages-->\r\n                <div class=\"languages\">\r\n                    <h4>Hizmet Alanlar\u0131<\/h4>\r\n                                        <div class=\"row clearfix\">\r\n                                                <div class=\"language-block col-lg-6 col-md-6 col-sm-12\">\r\n                            <div class=\"inner-box\">\r\n                                <div class=\"graph-outer\">\r\n                                    <input type=\"text\" class=\"dial\" data-fgColor=\"\" data-bgColor=\"\" data-width=\"200\" data-height=\"200\" data-linecap=\"normal\"  value=\"100\">\r\n                                    <div class=\"inner-text count-box\"><span class=\"count-text\" data-stop=\"100\" data-speed=\"2000\"><\/span>%<\/div>\r\n                                <\/div>\r\n                                <div class=\"text\">T\u00fcrkiye<\/div>\r\n                            <\/div>\r\n                        <\/div>\r\n                                                <div class=\"language-block col-lg-6 col-md-6 col-sm-12\">\r\n                            <div class=\"inner-box\">\r\n                                <div class=\"graph-outer\">\r\n                                    <input type=\"text\" class=\"dial\" data-fgColor=\"\" data-bgColor=\"\" data-width=\"200\" data-height=\"200\" data-linecap=\"normal\"  value=\"100\">\r\n                                    <div class=\"inner-text count-box\"><span class=\"count-text\" data-stop=\"100\" data-speed=\"2000\"><\/span>%<\/div>\r\n                                <\/div>\r\n                                <div class=\"text\">Di\u011fer \u00dclkeler<\/div>\r\n                            <\/div>\r\n                        <\/div>\r\n                                            <\/div>\r\n                                    <\/div>\r\n            <\/div>\r\n            <!--End About Me-->\r\n        <\/div>\r\n        \t\t<\/div>\n\t\t\t\t<\/div>\n\t\t\t\t\t<\/div>\n\t\t<\/div>\n\t\t\t\t\t\t\t<\/div>\n\t\t<\/section>\n\t\t\t\t<section class=\"elementor-section elementor-top-section elementor-element elementor-element-5bd936a elementor-section-boxed elementor-section-height-default elementor-section-height-default\" data-id=\"5bd936a\" data-element_type=\"section\">\n\t\t\t\t\t\t<div class=\"elementor-container elementor-column-gap-default\">\n\t\t\t\t\t<div class=\"elementor-column elementor-col-100 elementor-top-column elementor-element elementor-element-b7de4ef\" data-id=\"b7de4ef\" data-element_type=\"column\">\n\t\t\t<div class=\"elementor-widget-wrap elementor-element-populated\">\n\t\t\t\t\t\t\t\t<div class=\"elementor-element elementor-element-c7165dd elementor-widget elementor-widget-kijat_contact_us\" data-id=\"c7165dd\" data-element_type=\"widget\" data-widget_type=\"kijat_contact_us.default\">\n\t\t\t\t<div class=\"elementor-widget-container\">\n\t\t\t\r\n\t<!--Contact Section-->\r\n\t\t\t\t\t\t\t\t\r\n\t<div class=\"contact-content\" id=\"contact-section\">\r\n\t\t<div class=\"page-title sec-title\"><h1><span>Benimle \u0130leti\u015fime Ge\u00e7<\/span><\/h1><\/div>\t\t<!--Text-->\r\n\t\t<div class=\"upper-text\">\r\n\t\t\t\t\t\t<div class=\"text\">Mail ya da sosyal medya hesaplar\u0131m arac\u0131l\u0131\u011f\u0131 ile benimle ileti\u015fime ge\u00e7ebilirsiniz.<\/div>\t\t<\/div>\r\n\r\n\t\t<div class=\"info-box\">\r\n\t\t\t<div class=\"row clearfix\">\r\n            \t\t\t\t\t<!--Info Block-->\r\n                <div class=\"info-block col-xl-4 col-lg-6 col-md-6 col-sm-12\">\r\n                    <div class=\"inner-box\">\r\n                        <div class=\"icon\"><span class=\"fa fa-envelope\"><\/span><\/div>\r\n                        <div class=\"text\"><a href=\"mailto:iletisim@abdullahakal.com\">iletisim@abdullahakal.com<\/a><\/div>\r\n                    <\/div>\r\n                <\/div>\r\n                                \r\n            \t                \r\n            \t                <!--Info Block-->\r\n                <div class=\"info-block col-xl-4 col-lg-6 col-md-6 col-sm-12\">\r\n                    <div class=\"inner-box\">\r\n                        <div class=\"icon\"><span class=\"fa fa-map-marker-alt\"><\/span><\/div>\r\n                        <div class=\"text\"><a href=\"javascript:;\">Ankara T\u00fcrkiye<\/a><\/div>\r\n                    <\/div>\r\n                <\/div>\r\n                \t\t\t<\/div>\r\n\t\t<\/div>\r\n\r\n\t\t<!--Form Box-->\r\n\t\t<div class=\"form-box\">\r\n\t\t\t\t\t\t<div class=\"contact-form\">\r\n\t\t\t\t\t\t\t<\/div>\r\n\t\t<\/div>\r\n\r\n\t<\/div>\r\n    <!-- End Contact Page Section -->\r\n                \r\n        \t\t<\/div>\n\t\t\t\t<\/div>\n\t\t\t\t\t<\/div>\n\t\t<\/div>\n\t\t\t\t\t\t\t<\/div>\n\t\t<\/section>\n\t\t\t\t<section class=\"elementor-section elementor-top-section elementor-element elementor-element-7a2675f elementor-section-boxed elementor-section-height-default elementor-section-height-default\" data-id=\"7a2675f\" data-element_type=\"section\">\n\t\t\t\t\t\t<div class=\"elementor-container elementor-column-gap-default\">\n\t\t\t\t\t<div class=\"elementor-column elementor-col-100 elementor-top-column elementor-element elementor-element-d329379\" data-id=\"d329379\" data-element_type=\"column\">\n\t\t\t<div class=\"elementor-widget-wrap elementor-element-populated\">\n\t\t\t\t\t\t\t\t<div class=\"elementor-element elementor-element-0a24194 elementor-shape-rounded elementor-grid-0 e-grid-align-center elementor-widget elementor-widget-social-icons\" data-id=\"0a24194\" data-element_type=\"widget\" data-widget_type=\"social-icons.default\">\n\t\t\t\t<div class=\"elementor-widget-container\">\n\t\t\t<style>\/*! elementor - v3.10.0 - 09-01-2023 *\/\n.elementor-widget-social-icons.elementor-grid-0 .elementor-widget-container,.elementor-widget-social-icons.elementor-grid-mobile-0 .elementor-widget-container,.elementor-widget-social-icons.elementor-grid-tablet-0 .elementor-widget-container{line-height:1;font-size:0}.elementor-widget-social-icons:not(.elementor-grid-0):not(.elementor-grid-tablet-0):not(.elementor-grid-mobile-0) .elementor-grid{display:inline-grid}.elementor-widget-social-icons .elementor-grid{grid-column-gap:var(--grid-column-gap,5px);grid-row-gap:var(--grid-row-gap,5px);grid-template-columns:var(--grid-template-columns);justify-content:var(--justify-content,center);justify-items:var(--justify-content,center)}.elementor-icon.elementor-social-icon{font-size:var(--icon-size,25px);line-height:var(--icon-size,25px);width:calc(var(--icon-size, 25px) + (2 * var(--icon-padding, .5em)));height:calc(var(--icon-size, 25px) + (2 * var(--icon-padding, .5em)))}.elementor-social-icon{--e-social-icon-icon-color:#fff;display:inline-flex;background-color:#818a91;align-items:center;justify-content:center;text-align:center;cursor:pointer}.elementor-social-icon i{color:var(--e-social-icon-icon-color)}.elementor-social-icon svg{fill:var(--e-social-icon-icon-color)}.elementor-social-icon:last-child{margin:0}.elementor-social-icon:hover{opacity:.9;color:#fff}.elementor-social-icon-android{background-color:#a4c639}.elementor-social-icon-apple{background-color:#999}.elementor-social-icon-behance{background-color:#1769ff}.elementor-social-icon-bitbucket{background-color:#205081}.elementor-social-icon-codepen{background-color:#000}.elementor-social-icon-delicious{background-color:#39f}.elementor-social-icon-deviantart{background-color:#05cc47}.elementor-social-icon-digg{background-color:#005be2}.elementor-social-icon-dribbble{background-color:#ea4c89}.elementor-social-icon-elementor{background-color:#d30c5c}.elementor-social-icon-envelope{background-color:#ea4335}.elementor-social-icon-facebook,.elementor-social-icon-facebook-f{background-color:#3b5998}.elementor-social-icon-flickr{background-color:#0063dc}.elementor-social-icon-foursquare{background-color:#2d5be3}.elementor-social-icon-free-code-camp,.elementor-social-icon-freecodecamp{background-color:#006400}.elementor-social-icon-github{background-color:#333}.elementor-social-icon-gitlab{background-color:#e24329}.elementor-social-icon-globe{background-color:#818a91}.elementor-social-icon-google-plus,.elementor-social-icon-google-plus-g{background-color:#dd4b39}.elementor-social-icon-houzz{background-color:#7ac142}.elementor-social-icon-instagram{background-color:#262626}.elementor-social-icon-jsfiddle{background-color:#487aa2}.elementor-social-icon-link{background-color:#818a91}.elementor-social-icon-linkedin,.elementor-social-icon-linkedin-in{background-color:#0077b5}.elementor-social-icon-medium{background-color:#00ab6b}.elementor-social-icon-meetup{background-color:#ec1c40}.elementor-social-icon-mixcloud{background-color:#273a4b}.elementor-social-icon-odnoklassniki{background-color:#f4731c}.elementor-social-icon-pinterest{background-color:#bd081c}.elementor-social-icon-product-hunt{background-color:#da552f}.elementor-social-icon-reddit{background-color:#ff4500}.elementor-social-icon-rss{background-color:#f26522}.elementor-social-icon-shopping-cart{background-color:#4caf50}.elementor-social-icon-skype{background-color:#00aff0}.elementor-social-icon-slideshare{background-color:#0077b5}.elementor-social-icon-snapchat{background-color:#fffc00}.elementor-social-icon-soundcloud{background-color:#f80}.elementor-social-icon-spotify{background-color:#2ebd59}.elementor-social-icon-stack-overflow{background-color:#fe7a15}.elementor-social-icon-steam{background-color:#00adee}.elementor-social-icon-stumbleupon{background-color:#eb4924}.elementor-social-icon-telegram{background-color:#2ca5e0}.elementor-social-icon-thumb-tack{background-color:#1aa1d8}.elementor-social-icon-tripadvisor{background-color:#589442}.elementor-social-icon-tumblr{background-color:#35465c}.elementor-social-icon-twitch{background-color:#6441a5}.elementor-social-icon-twitter{background-color:#1da1f2}.elementor-social-icon-viber{background-color:#665cac}.elementor-social-icon-vimeo{background-color:#1ab7ea}.elementor-social-icon-vk{background-color:#45668e}.elementor-social-icon-weibo{background-color:#dd2430}.elementor-social-icon-weixin{background-color:#31a918}.elementor-social-icon-whatsapp{background-color:#25d366}.elementor-social-icon-wordpress{background-color:#21759b}.elementor-social-icon-xing{background-color:#026466}.elementor-social-icon-yelp{background-color:#af0606}.elementor-social-icon-youtube{background-color:#cd201f}.elementor-social-icon-500px{background-color:#0099e5}.elementor-shape-rounded .elementor-icon.elementor-social-icon{border-radius:10%}.elementor-shape-circle .elementor-icon.elementor-social-icon{border-radius:50%}<\/style>\t\t<div class=\"elementor-social-icons-wrapper elementor-grid\">\n\t\t\t\t\t\t\t<span class=\"elementor-grid-item\">\n\t\t\t\t\t<a class=\"elementor-icon elementor-social-icon elementor-social-icon-facebook elementor-repeater-item-92c3dbf\" href=\"https:\/\/www.facebook.com\/abdullahakall\" target=\"_blank\">\n\t\t\t\t\t\t<span class=\"elementor-screen-only\">Facebook<\/span>\n\t\t\t\t\t\t<i class=\"fab fa-facebook\"><\/i>\t\t\t\t\t<\/a>\n\t\t\t\t<\/span>\n\t\t\t\t\t\t\t<span class=\"elementor-grid-item\">\n\t\t\t\t\t<a class=\"elementor-icon elementor-social-icon elementor-social-icon-twitter elementor-repeater-item-1782031\" href=\"https:\/\/twitter.com\/abdullahakall\" target=\"_blank\">\n\t\t\t\t\t\t<span class=\"elementor-screen-only\">Twitter<\/span>\n\t\t\t\t\t\t<i class=\"fab fa-twitter\"><\/i>\t\t\t\t\t<\/a>\n\t\t\t\t<\/span>\n\t\t\t\t\t\t\t<span class=\"elementor-grid-item\">\n\t\t\t\t\t<a class=\"elementor-icon elementor-social-icon elementor-social-icon-instagram elementor-repeater-item-f5b100f\" href=\"https:\/\/www.instagram.com\/abdullahakal\/\" target=\"_blank\">\n\t\t\t\t\t\t<span class=\"elementor-screen-only\">Instagram<\/span>\n\t\t\t\t\t\t<i class=\"fab fa-instagram\"><\/i>\t\t\t\t\t<\/a>\n\t\t\t\t<\/span>\n\t\t\t\t\t\t\t<span class=\"elementor-grid-item\">\n\t\t\t\t\t<a class=\"elementor-icon elementor-social-icon elementor-social-icon-linkedin elementor-repeater-item-f481d4a\" href=\"https:\/\/www.linkedin.com\/in\/abdullah-akal-930225173\/\" target=\"_blank\">\n\t\t\t\t\t\t<span class=\"elementor-screen-only\">Linkedin<\/span>\n\t\t\t\t\t\t<i class=\"fab fa-linkedin\"><\/i>\t\t\t\t\t<\/a>\n\t\t\t\t<\/span>\n\t\t\t\t\t\t\t<span class=\"elementor-grid-item\">\n\t\t\t\t\t<a class=\"elementor-icon elementor-social-icon elementor-social-icon-link elementor-repeater-item-db58289\" href=\"https:\/\/palajans.com\/\" target=\"_blank\">\n\t\t\t\t\t\t<span class=\"elementor-screen-only\">Link<\/span>\n\t\t\t\t\t\t<i class=\"fas fa-link\"><\/i>\t\t\t\t\t<\/a>\n\t\t\t\t<\/span>\n\t\t\t\t\t<\/div>\n\t\t\t\t<\/div>\n\t\t\t\t<\/div>\n\t\t\t\t\t<\/div>\n\t\t<\/div>\n\t\t\t\t\t\t\t<\/div>\n\t\t<\/section>\n\t\t\t\t\t\t\t<\/div>\n\t\t","protected":false},"excerpt":{"rendered":"<p>CV \u0130STE Merhaba 10 Y\u0131lda medya sekt\u00f6r\u00fcnde edindi\u011fim deneyim ile \u00e7e\u015fitli hizmetler vermekteyim. Sosyal Medya y\u00f6netimi, reklam y\u00f6netimi, web tasar\u0131m\u0131, video prod\u00fcksiyon, grafik tasar\u0131m, kurumsal kimlik tasar\u0131m\u0131, internet habercili\u011fi gibi bir\u00e7ok alanda \u00e7al\u0131\u015fmalar yap\u0131yorum. T\u00fcm dijital \u00e7\u00f6z\u00fcmler i\u00e7in buraday\u0131m! BECER\u0130LER Web Sitesi 0% Sosyal Medya 0% Grafik Tasar\u0131m 0% UZMANLIK Sosyal Medya Y\u00f6netimi Web Sitesi [&hellip;]<\/p>\n","protected":false},"author":1,"featured_media":0,"parent":0,"menu_order":0,"comment_status":"closed","ping_status":"closed","template":"tpl-default-elementor.php","meta":{"om_disable_all_campaigns":false,"_mi_skip_tracking":false},"aioseo_notices":[],"_links":{"self":[{"href":"https:\/\/abdullahakal.com\/index.php\/wp-json\/wp\/v2\/pages\/17"}],"collection":[{"href":"https:\/\/abdullahakal.com\/index.php\/wp-json\/wp\/v2\/pages"}],"about":[{"href":"https:\/\/abdullahakal.com\/index.php\/wp-json\/wp\/v2\/types\/page"}],"author":[{"embeddable":true,"href":"https:\/\/abdullahakal.com\/index.php\/wp-json\/wp\/v2\/users\/1"}],"replies":[{"embeddable":true,"href":"https:\/\/abdullahakal.com\/index.php\/wp-json\/wp\/v2\/comments?post=17"}],"version-history":[{"count":42,"href":"https:\/\/abdullahakal.com\/index.php\/wp-json\/wp\/v2\/pages\/17\/revisions"}],"predecessor-version":[{"id":272,"href":"https:\/\/abdullahakal.com\/index.php\/wp-json\/wp\/v2\/pages\/17\/revisions\/272"}],"wp:attachment":[{"href":"https:\/\/abdullahakal.com\/index.php\/wp-json\/wp\/v2\/media?parent=17"}],"curies":[{"name":"wp","href":"https:\/\/api.w.org\/{rel}","templated":true}]}}